{"id":357,"date":"2021-11-30T17:38:14","date_gmt":"2021-11-30T17:38:14","guid":{"rendered":"https:\/\/yucatanbackroads.com\/?page_id=357"},"modified":"2022-01-14T16:47:54","modified_gmt":"2022-01-14T16:47:54","slug":"ybr-theme-song","status":"publish","type":"page","link":"https:\/\/yucatanbackroads.com\/?page_id=357","title":{"rendered":"YBR Theme Song"},"content":{"rendered":"\n<figure class=\"wp-block-image size-full\"><img loading=\"lazy\" decoding=\"async\" width=\"381\" height=\"143\" src=\"https:\/\/yucatanbackroads.com\/wp-content\/uploads\/2021\/11\/211130Muna.png\" alt=\"\" class=\"wp-image-368\" srcset=\"https:\/\/yucatanbackroads.com\/wp-content\/uploads\/2021\/11\/211130Muna.png 381w, https:\/\/yucatanbackroads.com\/wp-content\/uploads\/2021\/11\/211130Muna-300x113.png 300w\" sizes=\"auto, (max-width: 381px) 100vw, 381px\" \/><\/figure>\n\n\n\n<h2 class=\"wp-block-heading\">The Sound of Muna<strong><br><\/strong><\/h2>\n\n\n\n<h4 class=\"wp-block-heading\"><strong>by Dave Bloch<\/strong><br><strong>to the tune of <em>My Favorite Things<\/em> from <em>The Sound of Music<\/em><\/strong><\/h4>\n\n\n\n<p>Muna and Mani<br>Mococh\u00e1 and Mama<br>Teabo and Tetiz<br>Peto and Penaba<br>Tixcacalcupul and old Mayap\u00e1n<br>Beautiful places in our Yucat\u00e0n!<\/p>\n\n\n\n<p>Uayma and Uman<br>Tixkokob and Teya<br>Hoctun and Homun<br>Sotuta and Seye<br>So many places with similar sounds<br>Was it Tekax or Temax we last walked around?<\/p>\n\n\n\n<p>(CHORUS)<br>When the map&#8217;s wrong<br>When the road ends<br>When we&#8217;ve lost our way<br>We&#8217;ve actually done what we set out to do&#8211;<br>We found somewhere new today!<\/p>\n\n\n\n<p>Tizimin, Buctzotz, Oxkutzcab, Tixkokob<br>Chikindzonot and Dzemul and Tzucacab<br>Tadzibichen and Dzoyaxche and Dzitas<br>A land full of Z&#8217;s from the long-ago Mayas!<\/p>\n\n\n\n<p>(CHORUS)<br>Keep exploring<br>All those back roads!<br>Walk them, bike, or drive<br>Then come here and share them with all of your friends<br>It&#8217;s what keeps this group alive!<\/p>\n","protected":false},"excerpt":{"rendered":"<p>The Sound of Muna by Dave Blochto the tune of My Favorite Things from The Sound of Music Muna and ManiMococh\u00e1 and MamaTeabo and TetizPeto and PenabaTixcacalcupul and old Mayap\u00e1nBeautiful places in our Yucat\u00e0n! Uayma and UmanTixkokob and TeyaHoctun and HomunSotuta and SeyeSo many places with similar soundsWas it Tekax or Temax we last walked &hellip; <\/p>\n<p class=\"link-more\"><a href=\"https:\/\/yucatanbackroads.com\/?page_id=357\" class=\"more-link\">Read more<span class=\"screen-reader-text\"> &#8220;YBR Theme Song&#8221;<\/span><\/a><\/p>\n","protected":false},"author":1,"featured_media":0,"parent":0,"menu_order":0,"comment_status":"closed","ping_status":"closed","template":"","meta":{"footnotes":""},"class_list":["post-357","page","type-page","status-publish","hentry"],"_links":{"self":[{"href":"https:\/\/yucatanbackroads.com\/index.php?rest_route=\/wp\/v2\/pages\/357","targetHints":{"allow":["GET"]}}],"collection":[{"href":"https:\/\/yucatanbackroads.com\/index.php?rest_route=\/wp\/v2\/pages"}],"about":[{"href":"https:\/\/yucatanbackroads.com\/index.php?rest_route=\/wp\/v2\/types\/page"}],"author":[{"embeddable":true,"href":"https:\/\/yucatanbackroads.com\/index.php?rest_route=\/wp\/v2\/users\/1"}],"replies":[{"embeddable":true,"href":"https:\/\/yucatanbackroads.com\/index.php?rest_route=%2Fwp%2Fv2%2Fcomments&post=357"}],"version-history":[{"count":15,"href":"https:\/\/yucatanbackroads.com\/index.php?rest_route=\/wp\/v2\/pages\/357\/revisions"}],"predecessor-version":[{"id":639,"href":"https:\/\/yucatanbackroads.com\/index.php?rest_route=\/wp\/v2\/pages\/357\/revisions\/639"}],"wp:attachment":[{"href":"https:\/\/yucatanbackroads.com\/index.php?rest_route=%2Fwp%2Fv2%2Fmedia&parent=357"}],"curies":[{"name":"wp","href":"https:\/\/api.w.org\/{rel}","templated":true}]}}